{"id":21,"date":"2017-04-14T22:24:14","date_gmt":"2017-04-14T20:24:14","guid":{"rendered":"https:\/\/helenagospelspirit.de\/gospel\/?page_id=21"},"modified":"2026-04-12T18:02:53","modified_gmt":"2026-04-12T16:02:53","slug":"wir-ueber-uns","status":"publish","type":"page","link":"https:\/\/helenagospelspirit.de\/gospel\/","title":{"rendered":"Unser Gospelchor"},"content":{"rendered":"<table style=\"height: 691px;\" border=\"0\" width=\"926\" cellspacing=\"8\" cellpadding=\"0\">\n<tbody>\n<tr>\n<td>Entstehung:<\/td>\n<td>1999 (fr\u00fcher \u201eJugendchor St. Helena\u201c, gegr\u00fcndet 1980)<\/td>\n<\/tr>\n<tr>\n<td>Mitwirkende:<\/td>\n<td>ca. 30 S\u00e4nger\/innen und Musiker\/innen<\/td>\n<\/tr>\n<tr>\n<td>Repertoire:<\/td>\n<td>Gospels und Spirituals, auch anspruchsvolle neue geistliche Lieder<\/td>\n<\/tr>\n<tr>\n<td>Stil:<\/td>\n<td>mitrei\u00dfend, modern und lebendig<\/td>\n<\/tr>\n<tr>\n<td>Auftritte:<\/td>\n<td>Gottesdienste, Hochzeiten und Konzerte in St. Helena, aber auch au\u00dferhalb der Pfarrei im Raum M\u00fcnchen<\/td>\n<\/tr>\n<tr>\n<td>Chorleitung und Piano:<\/td>\n<td>Janet Campana Friedman<br \/>\n&#8211; geb\u00fcrtige Amerikanerin<br \/>\n&#8211; Kirchenmusikerin in St. Helena seit 1974<br \/>\n&#8211; Ausbildung in Michigan und am Richard-Strau\u00df Konservatorium<br \/>\n&#8211; Teilnahme an zahlreichen Workshops<br \/>\n&#8211; 20 Jahre Konzertt\u00e4tigkeit mit namhaften amerikanischen Gospels\u00e4nger\/innen<br \/>\n&#8211; Von 2003 bis 2017 Dozentin f\u00fcr Chorgesang an der Abraxas Musical Akademie in M\u00fcnchen<\/td>\n<\/tr>\n<tr>\n<td>Solisten:<\/td>\n<td>Angela Czirwitzky, Silvia Meyer, Rebecca Friedman, Kathy Blanck u.a.<\/td>\n<\/tr>\n<tr>\n<td>Band:<\/td>\n<td>Gerhard Haussner, Klavier\/Gitarre<br \/>\nPeter Baudermann, E-Bass\/Gitarre<br \/>\nWilbert Pepper, Kontrabass\/E-Bass<br \/>\nRebecca Friedman, Violine<\/td>\n<\/tr>\n<\/tbody>\n<\/table>\n<p>Gospelinteressierte S\u00e4ngerInnen mit Solisten- oder Chorerfahrung nehmen wir gerne noch in unseren Chor auf!<br \/>\nZur Teilnahme an einer &#8222;Schnupper&#8220;-Chorprobe erreichen Sie uns mit Hilfe: <a href=\"https:\/\/www.helenagospelspirit.de\/gospel\/kontakt\/\">folgender Kontaktdaten<\/a><\/p>\n","protected":false},"excerpt":{"rendered":"<p>Entstehung: 1999 (fr\u00fcher \u201eJugendchor St. Helena\u201c, gegr\u00fcndet 1980) Mitwirkende: ca. 30 S\u00e4nger\/innen und Musiker\/innen Repertoire: Gospels und Spirituals, auch anspruchsvolle neue geistliche Lieder Stil: mitrei\u00dfend, modern und lebendig Auftritte: Gottesdienste, Hochzeiten und Konzerte in St. Helena, aber auch au\u00dferhalb der Pfarrei im Raum M\u00fcnchen Chorleitung und Piano: Janet Campana Friedman &#8211; geb\u00fcrtige Amerikanerin &#8211; Kirchenmusikerin &hellip; <\/p>\n<p class=\"link-more\"><a href=\"https:\/\/helenagospelspirit.de\/gospel\/\" class=\"more-link\"><span class=\"screen-reader-text\">\u201eUnser Gospelchor\u201c <\/span>weiterlesen<\/a><\/p>\n","protected":false},"author":1,"featured_media":0,"parent":0,"menu_order":0,"comment_status":"closed","ping_status":"closed","template":"","meta":{"footnotes":""},"class_list":["post-21","page","type-page","status-publish","hentry"],"_links":{"self":[{"href":"https:\/\/helenagospelspirit.de\/gospel\/wp-json\/wp\/v2\/pages\/21","targetHints":{"allow":["GET"]}}],"collection":[{"href":"https:\/\/helenagospelspirit.de\/gospel\/wp-json\/wp\/v2\/pages"}],"about":[{"href":"https:\/\/helenagospelspirit.de\/gospel\/wp-json\/wp\/v2\/types\/page"}],"author":[{"embeddable":true,"href":"https:\/\/helenagospelspirit.de\/gospel\/wp-json\/wp\/v2\/users\/1"}],"replies":[{"embeddable":true,"href":"https:\/\/helenagospelspirit.de\/gospel\/wp-json\/wp\/v2\/comments?post=21"}],"version-history":[{"count":14,"href":"https:\/\/helenagospelspirit.de\/gospel\/wp-json\/wp\/v2\/pages\/21\/revisions"}],"predecessor-version":[{"id":930,"href":"https:\/\/helenagospelspirit.de\/gospel\/wp-json\/wp\/v2\/pages\/21\/revisions\/930"}],"wp:attachment":[{"href":"https:\/\/helenagospelspirit.de\/gospel\/wp-json\/wp\/v2\/media?parent=21"}],"curies":[{"name":"wp","href":"https:\/\/api.w.org\/{rel}","templated":true}]}}