{"id":229,"date":"2017-05-01T23:38:10","date_gmt":"2017-05-01T21:38:10","guid":{"rendered":"https:\/\/helenagospelspirit.de\/gospel\/?page_id=229"},"modified":"2023-10-24T17:58:05","modified_gmt":"2023-10-24T15:58:05","slug":"gospel-links","status":"publish","type":"page","link":"https:\/\/helenagospelspirit.de\/gospel\/gospel-links\/","title":{"rendered":"Gospel-Links"},"content":{"rendered":"<ul>\n<li>&#8222;Gospelsterne&#8220; aus M\u00fcnchen (Gru\u00df an Simon und CL Eric Bond)<br \/>\n.<br \/>\n<a href=\"http:\/\/www.gospelsterne.de\/\" target=\"_blank\" rel=\"nofollow noopener noreferrer\"><img loading=\"lazy\" decoding=\"async\" class=\"alignnone\" src=\"https:\/\/helenagospelspirit.de\/banner\/banner_gospelsterne.jpg\" alt=\"www.gospelsterne.de\" width=\"300\" height=\"80\" border=\"0\" \/><\/a><br \/>\n.<\/li>\n<li>&#8222;Andreas Gospel Singers&#8220; aus M\u00fcnchen\/F\u00fcrstenried<br \/>\n.<br \/>\n<a href=\"http:\/\/www.andreasgospelsingers.de\" target=\"_blank\" rel=\"nofollow noopener noreferrer\"><img loading=\"lazy\" decoding=\"async\" class=\"alignnone\" src=\"https:\/\/helenagospelspirit.de\/banner\/Andreas_Gospel_Singers_Banner.jpg\" alt=\"www.andreasgospelsingers.de\" width=\"300\" height=\"41\" border=\"0\" \/><\/a><br \/>\n.<\/li>\n<li>&#8222;Gospel Feelings&#8220; aus Oberhaching bei M\u00fcnchen<br \/>\n.<br \/>\n<a href=\"http:\/\/www.gospelfeelings-oberhaching.de\/\" target=\"_blank\" rel=\"nofollow noopener noreferrer\"><img loading=\"lazy\" decoding=\"async\" class=\"alignnone\" src=\"https:\/\/helenagospelspirit.de\/banner\/gospelfeelings_logo.jpg\" alt=\"Gospel Feelings\" width=\"81\" height=\"60\" \/><\/a><br \/>\n.<\/li>\n<li>&#8222;Mix&#8217;n&#8217;Free&#8220; &#8211; \u00f6kumenischer Chor aus Oberhaching bei M\u00fcnchen<br \/>\n.<br \/>\n<a href=\"http:\/\/mixnfree.de\/\" target=\"_blank\" rel=\"nofollow noopener noreferrer\"><img loading=\"lazy\" decoding=\"async\" class=\"alignnone wp-image-646 size-full\" src=\"https:\/\/helenagospelspirit.de\/gospel\/wp-content\/uploads\/2020\/04\/mixnfree-logo.png\" alt=\"Mix'n'Free Gospelchor Logo\" width=\"300\" height=\"74\" \/><\/a><br \/>\n.<\/li>\n<li>&#8222;Stephanus Voices&#8220; aus M\u00fcnchen \/ <b>Nymphenburg<br \/>\n.<br \/>\n<a href=\"http:\/\/www.stephanus-voices.de\/\" target=\"_blank\" rel=\"nofollow noopener noreferrer\"><img loading=\"lazy\" decoding=\"async\" class=\"alignnone\" src=\"https:\/\/helenagospelspirit.de\/banner\/svoices.gif\" alt=\"stephanus-voices\" width=\"85\" height=\"85\" \/><\/a><br \/>\n.<br \/>\n<\/b><\/li>\n<li>&#8222;Chorgruppe Regenbogen&#8220; aus Schongau in Oberbayern (Gru\u00df an Rosi)<br \/>\n.<br \/>\n<a href=\"http:\/\/www.regenbogen-schongau.de\/\" target=\"_blank\" rel=\"nofollow noopener noreferrer\"><img loading=\"lazy\" decoding=\"async\" class=\"alignnone\" src=\"https:\/\/helenagospelspirit.de\/banner\/regenschongau2.gif\" alt=\"Chorgruppe Regenbogen aus Schongau\" width=\"300\" height=\"80\" border=\"0\" \/><\/a><br \/>\n.<\/li>\n<li>&#8222;Gospelchor Salvation&#8220; Gersthofen<br \/>\n.<br \/>\n<a href=\"http:\/\/www.gospelchor-salvation.de\/\" target=\"_blank\" rel=\"nofollow noopener noreferrer\"><img loading=\"lazy\" decoding=\"async\" class=\"alignnone\" src=\"https:\/\/helenagospelspirit.de\/banner\/banner_salvationgospel.gif\" alt=\"Gospelchor Salvation\" width=\"300\" height=\"39\" \/><\/a><br \/>\n.<b><br \/>\n<\/b><\/li>\n<li>&#8222;MGV Liederkranz&#8220; Cleeberg<br \/>\n.<br \/>\n<a href=\"http:\/\/www.mgv-cleeberg.de\/\" target=\"_blank\" rel=\"nofollow noopener noreferrer\"><img loading=\"lazy\" decoding=\"async\" class=\"alignnone\" src=\"https:\/\/helenagospelspirit.de\/banner\/banner_cleeberg.jpg\" alt=\"Liederkranz-Cleeberg\" width=\"300\" height=\"40\" \/><\/a><br \/>\n.<\/li>\n<\/ul>\n","protected":false},"excerpt":{"rendered":"<p>&#8222;Gospelsterne&#8220; aus M\u00fcnchen (Gru\u00df an Simon und CL Eric Bond) . . &#8222;Andreas Gospel Singers&#8220; aus M\u00fcnchen\/F\u00fcrstenried . . &#8222;Gospel Feelings&#8220; aus Oberhaching bei M\u00fcnchen . . &#8222;Mix&#8217;n&#8217;Free&#8220; &#8211; \u00f6kumenischer Chor aus Oberhaching bei M\u00fcnchen . . &#8222;Stephanus Voices&#8220; aus M\u00fcnchen \/ Nymphenburg . . &#8222;Chorgruppe Regenbogen&#8220; aus Schongau in Oberbayern (Gru\u00df an Rosi) . &hellip; <\/p>\n<p class=\"link-more\"><a href=\"https:\/\/helenagospelspirit.de\/gospel\/gospel-links\/\" class=\"more-link\"><span class=\"screen-reader-text\">\u201eGospel-Links\u201c <\/span>weiterlesen<\/a><\/p>\n","protected":false},"author":5,"featured_media":0,"parent":0,"menu_order":0,"comment_status":"closed","ping_status":"closed","template":"","meta":{"footnotes":""},"class_list":["post-229","page","type-page","status-publish","hentry"],"_links":{"self":[{"href":"https:\/\/helenagospelspirit.de\/gospel\/wp-json\/wp\/v2\/pages\/229","targetHints":{"allow":["GET"]}}],"collection":[{"href":"https:\/\/helenagospelspirit.de\/gospel\/wp-json\/wp\/v2\/pages"}],"about":[{"href":"https:\/\/helenagospelspirit.de\/gospel\/wp-json\/wp\/v2\/types\/page"}],"author":[{"embeddable":true,"href":"https:\/\/helenagospelspirit.de\/gospel\/wp-json\/wp\/v2\/users\/5"}],"replies":[{"embeddable":true,"href":"https:\/\/helenagospelspirit.de\/gospel\/wp-json\/wp\/v2\/comments?post=229"}],"version-history":[{"count":19,"href":"https:\/\/helenagospelspirit.de\/gospel\/wp-json\/wp\/v2\/pages\/229\/revisions"}],"predecessor-version":[{"id":794,"href":"https:\/\/helenagospelspirit.de\/gospel\/wp-json\/wp\/v2\/pages\/229\/revisions\/794"}],"wp:attachment":[{"href":"https:\/\/helenagospelspirit.de\/gospel\/wp-json\/wp\/v2\/media?parent=229"}],"curies":[{"name":"wp","href":"https:\/\/api.w.org\/{rel}","templated":true}]}}