{"id":63,"date":"2017-04-15T01:31:22","date_gmt":"2017-04-14T23:31:22","guid":{"rendered":"https:\/\/helenagospelspirit.de\/gospel\/?page_id=63"},"modified":"2025-12-27T23:39:22","modified_gmt":"2025-12-27T22:39:22","slug":"kontakt","status":"publish","type":"page","link":"https:\/\/helenagospelspirit.de\/gospel\/kontakt\/","title":{"rendered":"Kontaktm\u00f6glichkeiten"},"content":{"rendered":"<h2><\/h2>\n<h2>Adresse:<\/h2>\n<h4 style=\"padding-left: 90px;\">Pfarramt St. Helena<br \/>\nFrau Janet Campana Friedman<img loading=\"lazy\" decoding=\"async\" class=\"alignright  wp-image-659\" src=\"https:\/\/helenagospelspirit.de\/gospel\/wp-content\/uploads\/2020\/07\/5A8A1863_1024-300x229.jpg\" alt=\"Chorfoto\" width=\"342\" height=\"261\" srcset=\"https:\/\/helenagospelspirit.de\/gospel\/wp-content\/uploads\/2020\/07\/5A8A1863_1024-300x229.jpg 300w, https:\/\/helenagospelspirit.de\/gospel\/wp-content\/uploads\/2020\/07\/5A8A1863_1024-768x586.jpg 768w, https:\/\/helenagospelspirit.de\/gospel\/wp-content\/uploads\/2020\/07\/5A8A1863_1024.jpg 1024w\" sizes=\"auto, (max-width: 342px) 100vw, 342px\" \/><br \/>\nFromundstra\u00dfe 2<br \/>\n81547 M\u00fcnchen<\/h4>\n<h2>Telefon:<\/h2>\n<h4 style=\"padding-left: 90px;\">0171 9729566<\/h4>\n<h2>e-Mail:<\/h2>\n<h4 style=\"padding-left: 90px;\">con&#116;act&#45;&#117;s&#64;&#104;&#101;&#108;&#101;na&#103;&#111;&#115;&#112;elsp&#105;&#114;it.&#100;e<\/h4>\n<p>Sollten Sie an einem Auftritt unseres Chores interessiert sein, k\u00f6nnen Sie sich gerne an uns wenden. Wir bitten hierbei um Angabe des genauen Termines (Datum\/Uhrzeit) und des Ortes Ihrer Festivit\u00e4t.<\/p>\n<p>Gospelinteressierte S\u00e4nger (Tenor oder Bass) mit Solisten- oder Chorerfahrung nehmen wir gerne noch in unseren Chor auf. Zur Teilnahme an einer &#8222;Schnupper&#8220;-Chorprobe erreichen Sie uns unter obiger Telefonnummer oder e-Mail-Adresse.<\/p>\n","protected":false},"excerpt":{"rendered":"<p>Adresse: Pfarramt St. Helena Frau Janet Campana Friedman Fromundstra\u00dfe 2 81547 M\u00fcnchen Telefon: 0171 9729566 e-Mail: Sollten Sie an einem Auftritt unseres Chores interessiert sein, k\u00f6nnen Sie sich gerne an uns wenden. Wir bitten hierbei um Angabe des genauen Termines (Datum\/Uhrzeit) und des Ortes Ihrer Festivit\u00e4t. Gospelinteressierte S\u00e4nger (Tenor oder Bass) mit Solisten- oder Chorerfahrung &hellip; <\/p>\n<p class=\"link-more\"><a href=\"https:\/\/helenagospelspirit.de\/gospel\/kontakt\/\" class=\"more-link\"><span class=\"screen-reader-text\">\u201eKontaktm\u00f6glichkeiten\u201c <\/span>weiterlesen<\/a><\/p>\n","protected":false},"author":1,"featured_media":0,"parent":0,"menu_order":0,"comment_status":"closed","ping_status":"closed","template":"","meta":{"footnotes":""},"class_list":["post-63","page","type-page","status-publish","hentry"],"_links":{"self":[{"href":"https:\/\/helenagospelspirit.de\/gospel\/wp-json\/wp\/v2\/pages\/63","targetHints":{"allow":["GET"]}}],"collection":[{"href":"https:\/\/helenagospelspirit.de\/gospel\/wp-json\/wp\/v2\/pages"}],"about":[{"href":"https:\/\/helenagospelspirit.de\/gospel\/wp-json\/wp\/v2\/types\/page"}],"author":[{"embeddable":true,"href":"https:\/\/helenagospelspirit.de\/gospel\/wp-json\/wp\/v2\/users\/1"}],"replies":[{"embeddable":true,"href":"https:\/\/helenagospelspirit.de\/gospel\/wp-json\/wp\/v2\/comments?post=63"}],"version-history":[{"count":19,"href":"https:\/\/helenagospelspirit.de\/gospel\/wp-json\/wp\/v2\/pages\/63\/revisions"}],"predecessor-version":[{"id":921,"href":"https:\/\/helenagospelspirit.de\/gospel\/wp-json\/wp\/v2\/pages\/63\/revisions\/921"}],"wp:attachment":[{"href":"https:\/\/helenagospelspirit.de\/gospel\/wp-json\/wp\/v2\/media?parent=63"}],"curies":[{"name":"wp","href":"https:\/\/api.w.org\/{rel}","templated":true}]}}